{"id":88547,"date":"2024-07-19T09:09:52","date_gmt":"2024-07-19T07:09:52","guid":{"rendered":"https:\/\/acelerapyme.depourense.es\/politica-de-cookies\/"},"modified":"2024-09-23T19:33:14","modified_gmt":"2024-09-23T17:33:14","slug":"politica-de-cookies","status":"publish","type":"page","link":"https:\/\/acelerapyme.depourense.es\/gl\/politica-de-cookies\/","title":{"rendered":"Pol\u00edtica de cookies"},"content":{"rendered":"\t\t<div data-elementor-type=\"wp-page\" data-elementor-id=\"88547\" class=\"elementor elementor-88547 elementor-88202\" data-elementor-post-type=\"page\">\n\t\t\t\t<div class=\"elementor-element elementor-element-48484b1f e-flex e-con-boxed e-con e-parent\" data-id=\"48484b1f\" data-element_type=\"container\" data-settings=\"{&quot;_ha_eqh_enable&quot;:false}\">\n\t\t\t\t\t<div class=\"e-con-inner\">\n\t\t\t\t<div class=\"elementor-element elementor-element-1024c604 elementor-widget elementor-widget-text-editor\" data-id=\"1024c604\" data-element_type=\"widget\" data-widget_type=\"text-editor.default\">\n\t\t\t\t<div class=\"elementor-widget-container\">\n\t\t\t\t\t\t\t\n<h3>Informaci\u00f3n xeral<\/h3>\n<p>Debido \u00e1 entrada en vigor da pertinente modificaci\u00f3n da \u201cLei de Servizos da Sociedade da Informaci\u00f3n\u201d (LSSICE) establecida polo Real Decreto 13\/2012, \u00e9 obrigatorio obter o consentimento expreso do usuario de todas as p\u00e1xinas web que utilicen cookies prescindibles antes de navegas por eles.<\/p>\n<h4>Que son as cookies?<\/h4>\n<p>As cookies e outras tecnolox\u00edas similares, como os obxectos compartidos locais, as cookies flash ou os p\u00edxeles, son ferramentas utilizadas polos servidores web para almacenar e recuperar informaci\u00f3n sobre os seus visitantes, as\u00ed como para garantir o bo funcionamento do sitio.<\/p>\n<p>Mediante o uso destes dispositivos, perm\u00edtese ao servidor Web recordar alg\u00fans datos relativos ao usuario, como as s\u00faas preferencias de visualizaci\u00f3n das p\u00e1xinas dese servidor, nome e contrasinal, produtos que m\u00e1is lle interesan, etc.<\/p>\n<h4>Cookies afectadas pola normativa e cookies exceptuadas<\/h4>\n<p>Segundo a directiva da UE, as cookies que requiren o consentimento informado do usuario son as cookies anal\u00edticas e as de publicidade e de afiliaci\u00f3n, ag\u00e1s as de car\u00e1cter t\u00e9cnico e as necesarias para o funcionamento da p\u00e1xina web ou a prestaci\u00f3n dos servizos expresamente solicitados polo usuario.<\/p>\n<h4>Que tipos de cookies existen?<\/h4>\n<h5>Segundo a propiedade<\/h5>\n<ul>\n<li><strong>Cookies propias<\/strong>: Son aquelas que se env\u00edan ao equipo terminal do usuario desde un equipo ou dominio xestionado polo propio editor e desde o que se presta o servizo solicitado polo usuario.<\/li>\n<li><strong>Cookies de terceiros<\/strong>: Son aquelas que se env\u00edan ao equipo terminal do usuario desde un equipo ou dominio que non \u00e9 xestionado polo editor, sen\u00f3n por outra entidade que trata os datos obtidos a trav\u00e9s das cookies.<\/li>\n<\/ul>\n<h5>Segundo a s\u00faa duraci\u00f3n<\/h5>\n<ul>\n<li><strong>Cookies de sesi\u00f3n:<\/strong> son un tipo de cookies dese\u00f1adas para recoller e almacenar datos mentres o usuario accede a unha p\u00e1xina web.<\/li>\n<li><strong>Cookies persistentes<\/strong>: Son un tipo de cookies nas que os datos seguen almacenados no terminal e poden ser accedidos e tratados durante un per\u00edodo definido polo responsable da cookie, que pode ir desde uns minutos ata varios anos.<\/li>\n<\/ul>\n<h5>Segundo a s\u00faa funcionalidade<\/h5>\n<ul>\n<li><strong>Cookies necesarias<\/strong>: son as imprescindibles para o correcto funcionamento do sitio web. Non recollen ning\u00fan tipo de datos do usuario e recollen informaci\u00f3n como a preferencia de idioma, se se aceptou a pol\u00edtica de cookies, etc. <\/li>\n<li><strong>Cookies de an\u00e1lise<\/strong>: Son aquelas que, ben tratadas por n\u00f3s ou por terceiros, permiten cuantificar o n\u00famero de usuarios e realizar as\u00ed a medici\u00f3n e an\u00e1lise estat\u00edstica do uso que fan os usuarios do servizo ofrecido. Para iso, anal\u00edzase a s\u00faa navegaci\u00f3n na nosa web co fin de mellorar a oferta de produtos ou servizos que ofrecemos. <\/li>\n<li><strong>Cookies publicitarias ou de marketing<\/strong>: Son aquelas que permiten a xesti\u00f3n, da forma m\u00e1is eficiente posible, dos espazos publicitarios que, no seu caso, o editor inclu\u00edse nunha p\u00e1xina web, aplicaci\u00f3n ou plataforma desde a que se presta o servizo solicitado en criterios como o contido editado ou a frecuencia coa que se amosan os anuncios.<\/li>\n<li><strong>Cookies de publicidad comportamental o de marketing personalizado<\/strong>: Son aqu\u00e9llas que permiten la gesti\u00f3n, de la forma m\u00e1s eficaz posible, de los espacios publicitarios que, en su caso, el editor haya incluido en una p\u00e1gina web, aplicaci\u00f3n o plataforma desde la que presta el servicio solicitado. Estas cookies almacenan informaci\u00f3n del comportamiento de los usuarios obtenida a trav\u00e9s de la observaci\u00f3n continuada de sus h\u00e1bitos de navegaci\u00f3n, lo que permite desarrollar un perfil espec\u00edfico para mostrar publicidad en funci\u00f3n del mismo. Asimismo es posible que al visitar alguna p\u00e1gina web o al abrir alg\u00fan email donde se publique alg\u00fan anuncio o alguna promoci\u00f3n sobre nuestros productos o servicios se instale en tu navegador alguna cookie que nos sirve para mostrarte posteriormente publicidad relacionada con la b\u00fasqueda que hayas realizado, desarrollar un control de nuestros anuncios en relaci\u00f3n, por ejemplo, con el n\u00famero de veces que son vistos, donde aparecen, a qu\u00e9 hora se ven, etc.  <\/li>\n<\/ul>\n<h3>Declaraci\u00f3n de cookies<code><\/code><\/h3>\n<table>\n<thead>\n<tr>\n<th><b>Cookie<\/b><\/th><th><b>Propietario<\/b><\/th><th><b>Duraci\u00f3n<\/b><\/th><th><b>Finalidade<\/b><\/th><th><b>Tipo<\/b><\/th>\n<\/tr>\n<\/thead>\n<tbody>\n<tr>\n<td><i>Google analytics<\/i><\/td><td><i>acelerapyme.depourense.es<\/i><\/td><td><i>24 horas<\/i><\/td><td><i>Estad\u00edsticas de uso no personalizadas<\/i><\/td><td><i>Necesarias<\/i><\/td>\n<\/tr>\n<\/tbody>\n<\/table>\n<h2>Revogaci\u00f3n do consentimento para instalar Cookies<\/h2>\n<h4>Como eliminar as cookies do navegador.<\/h4>\n<ul>\n<li><strong>Chrome<\/strong>: <a href=\"https:\/\/support.google.com\/chrome\/answer\/95647\" target=\"_blank\" rel=\"noopener\">https:\/\/support.google.com\/chrome\/answer\/95647<\/a><\/li>\n<li><strong>Internet Explorer<\/strong>: <a href=\"https:\/\/support.microsoft.com\/es-es\/help\/17442\/windows-internet-explorer-delete-manage-cookies\" target=\"_blank\" rel=\"noopener\">https:\/\/support.microsoft.com\/es-es\/help\/17442\/windows-internet-explorer-delete-manage-cookies<\/a><\/li>\n<li><strong>Firefox<\/strong>: <a href=\"https:\/\/support.mozilla.org\/es\/kb\/habilitar-y-deshabilitar-cookies-sitios-web-rastrear-preferencias\" target=\"_blank\" rel=\"noopener\">https:\/\/support.mozilla.org\/es\/kb\/habilitar-y-deshabilitar-cookies-sitios-web-rastrear-preferencias<\/a><\/li>\n<li><strong>Safari<\/strong>: <a href=\"https:\/\/support.apple.com\/es-es\/guide\/safari\/sfri11471\/mac\" target=\"_blank\" rel=\"noopener\">https:\/\/support.apple.com\/es-es\/guide\/safari\/sfri11471\/mac<\/a><\/li>\n<li><strong>Opera<\/strong>: <a href=\"https:\/\/www.opera.com\/help\/tutorials\/security\/privacy\/\" target=\"_blank\" rel=\"noopener\">https:\/\/www.opera.com\/help\/tutorials\/security\/privacy\/<\/a><\/li>\n<\/ul>\n<p>Se non figura na lista, consulta a documentaci\u00f3n do navegador que tes instalado para bloquear, eliminar ou permitir a descarga de Cookies<\/p>\n\t\t\t\t\t\t<\/div>\n\t\t\t\t<\/div>\n\t\t\t\t\t<\/div>\n\t\t\t\t<\/div>\n\t\t\t\t<\/div>\n\t\t","protected":false},"excerpt":{"rendered":"<p>Informaci\u00f3n xeral Debido \u00e1 entrada en vigor da pertinente modificaci\u00f3n da \u201cLei de Servizos da Sociedade da Informaci\u00f3n\u201d (LSSICE) establecida polo Real Decreto 13\/2012, \u00e9 obrigatorio obter o consentimento expreso&hellip;<\/p>\n","protected":false},"author":1,"featured_media":0,"parent":0,"menu_order":0,"comment_status":"closed","ping_status":"open","template":"","meta":{"footnotes":""},"class_list":["post-88547","page","type-page","status-publish","hentry"],"yoast_head":"<!-- This site is optimized with the Yoast SEO plugin v23.0 - https:\/\/yoast.com\/wordpress\/plugins\/seo\/ -->\n<title>Pol\u00edtica de cookies - Acelerou<\/title>\n<meta name=\"robots\" content=\"index, follow, max-snippet:-1, max-image-preview:large, max-video-preview:-1\" \/>\n<link rel=\"canonical\" href=\"https:\/\/acelerapyme.depourense.es\/gl\/politica-de-cookies\/\" \/>\n<meta property=\"og:locale\" content=\"gl_ES\" \/>\n<meta property=\"og:type\" content=\"article\" \/>\n<meta property=\"og:title\" content=\"Pol\u00edtica de cookies - Acelerou\" \/>\n<meta property=\"og:description\" content=\"Informaci\u00f3n xeral Debido \u00e1 entrada en vigor da pertinente modificaci\u00f3n da \u201cLei de Servizos da Sociedade da Informaci\u00f3n\u201d (LSSICE) establecida polo Real Decreto 13\/2012, \u00e9 obrigatorio obter o consentimento expreso&hellip;\" \/>\n<meta property=\"og:url\" content=\"https:\/\/acelerapyme.depourense.es\/gl\/politica-de-cookies\/\" \/>\n<meta property=\"og:site_name\" content=\"Acelerou\" \/>\n<meta property=\"article:modified_time\" content=\"2024-09-23T17:33:14+00:00\" \/>\n<meta name=\"twitter:card\" content=\"summary_large_image\" \/>\n<meta name=\"twitter:label1\" content=\"Tempo de lectura\" \/>\n\t<meta name=\"twitter:data1\" content=\"4 minutos\" \/>\n<script type=\"application\/ld+json\" class=\"yoast-schema-graph\">{\"@context\":\"https:\/\/schema.org\",\"@graph\":[{\"@type\":\"WebPage\",\"@id\":\"https:\/\/acelerapyme.depourense.es\/gl\/politica-de-cookies\/\",\"url\":\"https:\/\/acelerapyme.depourense.es\/gl\/politica-de-cookies\/\",\"name\":\"Pol\u00edtica de cookies - Acelerou\",\"isPartOf\":{\"@id\":\"https:\/\/acelerapyme.depourense.es\/#website\"},\"datePublished\":\"2024-07-19T07:09:52+00:00\",\"dateModified\":\"2024-09-23T17:33:14+00:00\",\"breadcrumb\":{\"@id\":\"https:\/\/acelerapyme.depourense.es\/gl\/politica-de-cookies\/#breadcrumb\"},\"inLanguage\":\"gl-ES\",\"potentialAction\":[{\"@type\":\"ReadAction\",\"target\":[\"https:\/\/acelerapyme.depourense.es\/gl\/politica-de-cookies\/\"]}]},{\"@type\":\"BreadcrumbList\",\"@id\":\"https:\/\/acelerapyme.depourense.es\/gl\/politica-de-cookies\/#breadcrumb\",\"itemListElement\":[{\"@type\":\"ListItem\",\"position\":1,\"name\":\"Portada\",\"item\":\"https:\/\/acelerapyme.depourense.es\/\"},{\"@type\":\"ListItem\",\"position\":2,\"name\":\"Pol\u00edtica de cookies\"}]},{\"@type\":\"WebSite\",\"@id\":\"https:\/\/acelerapyme.depourense.es\/#website\",\"url\":\"https:\/\/acelerapyme.depourense.es\/\",\"name\":\"Acelerou\",\"description\":\"\",\"publisher\":{\"@id\":\"https:\/\/acelerapyme.depourense.es\/#organization\"},\"potentialAction\":[{\"@type\":\"SearchAction\",\"target\":{\"@type\":\"EntryPoint\",\"urlTemplate\":\"https:\/\/acelerapyme.depourense.es\/?s={search_term_string}\"},\"query-input\":\"required name=search_term_string\"}],\"inLanguage\":\"gl-ES\"},{\"@type\":\"Organization\",\"@id\":\"https:\/\/acelerapyme.depourense.es\/#organization\",\"name\":\"Acelerou\",\"url\":\"https:\/\/acelerapyme.depourense.es\/\",\"logo\":{\"@type\":\"ImageObject\",\"inLanguage\":\"gl-ES\",\"@id\":\"https:\/\/acelerapyme.depourense.es\/#\/schema\/logo\/image\/\",\"url\":\"https:\/\/acelerapyme.depourense.es\/wp-content\/uploads\/2024\/06\/logo2.png\",\"contentUrl\":\"https:\/\/acelerapyme.depourense.es\/wp-content\/uploads\/2024\/06\/logo2.png\",\"width\":1012,\"height\":189,\"caption\":\"Acelerou\"},\"image\":{\"@id\":\"https:\/\/acelerapyme.depourense.es\/#\/schema\/logo\/image\/\"}}]}<\/script>\n<!-- \/ Yoast SEO plugin. -->","yoast_head_json":{"title":"Pol\u00edtica de cookies - Acelerou","robots":{"index":"index","follow":"follow","max-snippet":"max-snippet:-1","max-image-preview":"max-image-preview:large","max-video-preview":"max-video-preview:-1"},"canonical":"https:\/\/acelerapyme.depourense.es\/gl\/politica-de-cookies\/","og_locale":"gl_ES","og_type":"article","og_title":"Pol\u00edtica de cookies - Acelerou","og_description":"Informaci\u00f3n xeral Debido \u00e1 entrada en vigor da pertinente modificaci\u00f3n da \u201cLei de Servizos da Sociedade da Informaci\u00f3n\u201d (LSSICE) establecida polo Real Decreto 13\/2012, \u00e9 obrigatorio obter o consentimento expreso&hellip;","og_url":"https:\/\/acelerapyme.depourense.es\/gl\/politica-de-cookies\/","og_site_name":"Acelerou","article_modified_time":"2024-09-23T17:33:14+00:00","twitter_card":"summary_large_image","twitter_misc":{"Tempo de lectura":"4 minutos"},"schema":{"@context":"https:\/\/schema.org","@graph":[{"@type":"WebPage","@id":"https:\/\/acelerapyme.depourense.es\/gl\/politica-de-cookies\/","url":"https:\/\/acelerapyme.depourense.es\/gl\/politica-de-cookies\/","name":"Pol\u00edtica de cookies - Acelerou","isPartOf":{"@id":"https:\/\/acelerapyme.depourense.es\/#website"},"datePublished":"2024-07-19T07:09:52+00:00","dateModified":"2024-09-23T17:33:14+00:00","breadcrumb":{"@id":"https:\/\/acelerapyme.depourense.es\/gl\/politica-de-cookies\/#breadcrumb"},"inLanguage":"gl-ES","potentialAction":[{"@type":"ReadAction","target":["https:\/\/acelerapyme.depourense.es\/gl\/politica-de-cookies\/"]}]},{"@type":"BreadcrumbList","@id":"https:\/\/acelerapyme.depourense.es\/gl\/politica-de-cookies\/#breadcrumb","itemListElement":[{"@type":"ListItem","position":1,"name":"Portada","item":"https:\/\/acelerapyme.depourense.es\/"},{"@type":"ListItem","position":2,"name":"Pol\u00edtica de cookies"}]},{"@type":"WebSite","@id":"https:\/\/acelerapyme.depourense.es\/#website","url":"https:\/\/acelerapyme.depourense.es\/","name":"Acelerou","description":"","publisher":{"@id":"https:\/\/acelerapyme.depourense.es\/#organization"},"potentialAction":[{"@type":"SearchAction","target":{"@type":"EntryPoint","urlTemplate":"https:\/\/acelerapyme.depourense.es\/?s={search_term_string}"},"query-input":"required name=search_term_string"}],"inLanguage":"gl-ES"},{"@type":"Organization","@id":"https:\/\/acelerapyme.depourense.es\/#organization","name":"Acelerou","url":"https:\/\/acelerapyme.depourense.es\/","logo":{"@type":"ImageObject","inLanguage":"gl-ES","@id":"https:\/\/acelerapyme.depourense.es\/#\/schema\/logo\/image\/","url":"https:\/\/acelerapyme.depourense.es\/wp-content\/uploads\/2024\/06\/logo2.png","contentUrl":"https:\/\/acelerapyme.depourense.es\/wp-content\/uploads\/2024\/06\/logo2.png","width":1012,"height":189,"caption":"Acelerou"},"image":{"@id":"https:\/\/acelerapyme.depourense.es\/#\/schema\/logo\/image\/"}}]}},"_links":{"self":[{"href":"https:\/\/acelerapyme.depourense.es\/gl\/wp-json\/wp\/v2\/pages\/88547","targetHints":{"allow":["GET"]}}],"collection":[{"href":"https:\/\/acelerapyme.depourense.es\/gl\/wp-json\/wp\/v2\/pages"}],"about":[{"href":"https:\/\/acelerapyme.depourense.es\/gl\/wp-json\/wp\/v2\/types\/page"}],"author":[{"embeddable":true,"href":"https:\/\/acelerapyme.depourense.es\/gl\/wp-json\/wp\/v2\/users\/1"}],"replies":[{"embeddable":true,"href":"https:\/\/acelerapyme.depourense.es\/gl\/wp-json\/wp\/v2\/comments?post=88547"}],"version-history":[{"count":3,"href":"https:\/\/acelerapyme.depourense.es\/gl\/wp-json\/wp\/v2\/pages\/88547\/revisions"}],"predecessor-version":[{"id":88550,"href":"https:\/\/acelerapyme.depourense.es\/gl\/wp-json\/wp\/v2\/pages\/88547\/revisions\/88550"}],"wp:attachment":[{"href":"https:\/\/acelerapyme.depourense.es\/gl\/wp-json\/wp\/v2\/media?parent=88547"}],"curies":[{"name":"wp","href":"https:\/\/api.w.org\/{rel}","templated":true}]}}