{"id":88541,"date":"2024-07-19T09:32:05","date_gmt":"2024-07-19T07:32:05","guid":{"rendered":"https:\/\/acelerapyme.depourense.es\/oficinas-fisicas\/"},"modified":"2024-09-23T18:51:19","modified_gmt":"2024-09-23T16:51:19","slug":"oficinas-fisicas","status":"publish","type":"page","link":"https:\/\/acelerapyme.depourense.es\/gl\/oficinas-fisicas\/","title":{"rendered":"Oficinas f\u00edsicas"},"content":{"rendered":"\t\t<div data-elementor-type=\"wp-page\" data-elementor-id=\"88541\" class=\"elementor elementor-88541 elementor-88214\" data-elementor-post-type=\"page\">\n\t\t\t\t\t\t<section class=\"elementor-section elementor-top-section elementor-element elementor-element-39a8796 elementor-section-boxed elementor-section-height-default elementor-section-height-default\" data-id=\"39a8796\" data-element_type=\"section\" data-settings=\"{&quot;_ha_eqh_enable&quot;:false}\">\n\t\t\t\t\t\t<div class=\"elementor-container elementor-column-gap-wide\">\n\t\t\t\t\t<div class=\"elementor-column elementor-col-100 elementor-top-column elementor-element elementor-element-b6b4271\" data-id=\"b6b4271\" data-element_type=\"column\">\n\t\t\t<div class=\"elementor-widget-wrap elementor-element-populated\">\n\t\t\t\t\t\t<div class=\"elementor-element elementor-element-0d31a90 elementor-widget elementor-widget-heading\" data-id=\"0d31a90\" data-element_type=\"widget\" data-widget_type=\"heading.default\">\n\t\t\t\t<div class=\"elementor-widget-container\">\n\t\t\t<h3 class=\"elementor-heading-title elementor-size-default\">Oficinas f\u00edsicas<\/h3>\t\t<\/div>\n\t\t\t\t<\/div>\n\t\t\t\t\t<\/div>\n\t\t<\/div>\n\t\t\t\t\t<\/div>\n\t\t<\/section>\n\t\t<div class=\"elementor-element elementor-element-48484b1f e-flex e-con-boxed e-con e-parent\" data-id=\"48484b1f\" data-element_type=\"container\" data-settings=\"{&quot;_ha_eqh_enable&quot;:false}\">\n\t\t\t\t\t<div class=\"e-con-inner\">\n\t\t<div class=\"elementor-element elementor-element-9664b2f e-grid e-con-full e-con e-child\" data-id=\"9664b2f\" data-element_type=\"container\" data-settings=\"{&quot;_ha_eqh_enable&quot;:false}\">\n\t\t<div class=\"elementor-element elementor-element-968f547 e-con-full e-flex e-con e-child\" data-id=\"968f547\" data-element_type=\"container\" data-settings=\"{&quot;_ha_eqh_enable&quot;:false}\">\n\t\t\t\t<div class=\"elementor-element elementor-element-1c5e2f8 elementor-widget elementor-widget-heading\" data-id=\"1c5e2f8\" data-element_type=\"widget\" data-widget_type=\"heading.default\">\n\t\t\t\t<div class=\"elementor-widget-container\">\n\t\t\t<h2 class=\"elementor-heading-title elementor-size-default\">AceleraPyme Ourense<\/h2>\t\t<\/div>\n\t\t\t\t<\/div>\n\t\t\t\t<div class=\"elementor-element elementor-element-8807623 elementor-widget elementor-widget-text-editor\" data-id=\"8807623\" data-element_type=\"widget\" data-widget_type=\"text-editor.default\">\n\t\t\t\t<div class=\"elementor-widget-container\">\n\t\t\t\t\t\t\t<div class=\"block block-layout-builder block-field-blocknodeacelerapyme-officefield-street\">\n<div class=\"field field--name-field-street field--type-string field--label-inline clearfix\">\n<div class=\"field__item\">\n<p>Deputaci\u00f3n de Ourense \u00b7 Progreso, 32 \u00b7 32003<\/p>\n<\/div>\n<div>988 317 713<\/div>\n<\/div>\n<\/div>\n\t\t\t\t\t\t<\/div>\n\t\t\t\t<\/div>\n\t\t\t\t<div class=\"elementor-element elementor-element-f496ac8 elementor-widget elementor-widget-google_maps\" data-id=\"f496ac8\" data-element_type=\"widget\" data-widget_type=\"google_maps.default\">\n\t\t\t\t<div class=\"elementor-widget-container\">\n\t\t\t\t\t<div class=\"elementor-custom-embed\">\n\t\t\t<iframe loading=\"lazy\"\n\t\t\t\t\tsrc=\"https:\/\/maps.google.com\/maps?q=Deputaci%C3%B3n%20de%20Ourense%20Progreso%2C%2032&#038;t=m&#038;z=14&#038;output=embed&#038;iwloc=near\"\n\t\t\t\t\ttitle=\"Deputaci\u00f3n de Ourense Progreso, 32\"\n\t\t\t\t\taria-label=\"Deputaci\u00f3n de Ourense Progreso, 32\"\n\t\t\t><\/iframe>\n\t\t<\/div>\n\t\t\t\t<\/div>\n\t\t\t\t<\/div>\n\t\t\t\t<\/div>\n\t\t<div class=\"elementor-element elementor-element-9ceb12b e-con-full e-flex e-con e-child\" data-id=\"9ceb12b\" data-element_type=\"container\" data-settings=\"{&quot;_ha_eqh_enable&quot;:false}\">\n\t\t\t\t<div class=\"elementor-element elementor-element-9a2eef0 elementor-widget elementor-widget-heading\" data-id=\"9a2eef0\" data-element_type=\"widget\" data-widget_type=\"heading.default\">\n\t\t\t\t<div class=\"elementor-widget-container\">\n\t\t\t<h2 class=\"elementor-heading-title elementor-size-default\">AceleraPyme Xinzo<\/h2>\t\t<\/div>\n\t\t\t\t<\/div>\n\t\t\t\t<div class=\"elementor-element elementor-element-1b5d025 elementor-widget elementor-widget-text-editor\" data-id=\"1b5d025\" data-element_type=\"widget\" data-widget_type=\"text-editor.default\">\n\t\t\t\t<div class=\"elementor-widget-container\">\n\t\t\t\t\t\t\t<div class=\"block block-layout-builder block-field-blocknodeacelerapyme-officefield-street\">\n<div class=\"field field--name-field-street field--type-string field--label-inline clearfix\">\n<div class=\"field__item\">Explanada do Pavill\u00f3n, s\/n \u00b7 32630<\/div>\n<div>988 317 500<\/div>\n<\/div>\n<\/div>\n\t\t\t\t\t\t<\/div>\n\t\t\t\t<\/div>\n\t\t\t\t<div class=\"elementor-element elementor-element-5bc36ca elementor-widget elementor-widget-google_maps\" data-id=\"5bc36ca\" data-element_type=\"widget\" data-widget_type=\"google_maps.default\">\n\t\t\t\t<div class=\"elementor-widget-container\">\n\t\t\t\t\t<div class=\"elementor-custom-embed\">\n\t\t\t<iframe loading=\"lazy\"\n\t\t\t\t\tsrc=\"https:\/\/maps.google.com\/maps?q=Polideportivo%20de%20Xinzo%20de%20Limia%2C%20R%C3%BAa%20Dous%20de%20Maio%2C%2032630%20Xinzo%20de%20Limia%2C%20Ourense&#038;t=m&#038;z=14&#038;output=embed&#038;iwloc=near\"\n\t\t\t\t\ttitle=\"Polideportivo de Xinzo de Limia, R\u00faa Dous de Maio, 32630 Xinzo de Limia, Ourense\"\n\t\t\t\t\taria-label=\"Polideportivo de Xinzo de Limia, R\u00faa Dous de Maio, 32630 Xinzo de Limia, Ourense\"\n\t\t\t><\/iframe>\n\t\t<\/div>\n\t\t\t\t<\/div>\n\t\t\t\t<\/div>\n\t\t\t\t<\/div>\n\t\t\t\t<\/div>\n\t\t\t\t\t<\/div>\n\t\t\t\t<\/div>\n\t\t\t\t<section class=\"elementor-section elementor-top-section elementor-element elementor-element-752fd81 elementor-section-boxed elementor-section-height-default elementor-section-height-default\" data-id=\"752fd81\" data-element_type=\"section\" data-settings=\"{&quot;_ha_eqh_enable&quot;:false}\">\n\t\t\t\t\t\t<div class=\"elementor-container elementor-column-gap-wide\">\n\t\t\t\t\t<div class=\"elementor-column elementor-col-100 elementor-top-column elementor-element elementor-element-70c0fdb\" data-id=\"70c0fdb\" data-element_type=\"column\">\n\t\t\t<div class=\"elementor-widget-wrap elementor-element-populated\">\n\t\t\t\t\t\t<div class=\"elementor-element elementor-element-f04fb7e content-align-tablet-left icon-vertical-align-tablet-start icon-position-top icon-position-tablet-left content-align-center icon-vertical-align-center icon-box-vertical-align-top elementor-widget elementor-widget-the7_icon_box_grid_widget\" data-id=\"f04fb7e\" data-element_type=\"widget\" data-widget_type=\"the7_icon_box_grid_widget.default\">\n\t\t\t\t<div class=\"elementor-widget-container\">\n\t\t\t<div class=\"the7-box-grid-wrapper the7-elementor-widget loading-effect-none the7_icon_box_grid_widget-f04fb7e\">\t\t\t<div class=\"dt-css-grid\">\n\t\t\t\t\t\t\t\t\t<div class=\"wf-cell shown\">\n\t\t\t\t\t\t<div class=\"the7-icon-box-grid\">\t\t\t\t\t\t\t<div class=\"box-content-wrapper\">\n\t\t\t\t\t\t\t\t\t\t\t\t\t\t\t\t\t<a class=\"elementor-icon-div\" aria-label=\"Asesoramento e informaci\u00f3n \u00e1s pemes\">\t\t\t\t\t\t\t\t\t\t<div class=\"elementor-icon\">\n\t\t\t\t\t\t\t\t\t\t\t<svg aria-hidden=\"true\" class=\"e-font-icon-svg e-fas-info-circle\" viewBox=\"0 0 512 512\" xmlns=\"http:\/\/www.w3.org\/2000\/svg\"><path d=\"M256 8C119.043 8 8 119.083 8 256c0 136.997 111.043 248 248 248s248-111.003 248-248C504 119.083 392.957 8 256 8zm0 110c23.196 0 42 18.804 42 42s-18.804 42-42 42-42-18.804-42-42 18.804-42 42-42zm56 254c0 6.627-5.373 12-12 12h-88c-6.627 0-12-5.373-12-12v-24c0-6.627 5.373-12 12-12h12v-64h-12c-6.627 0-12-5.373-12-12v-24c0-6.627 5.373-12 12-12h64c6.627 0 12 5.373 12 12v100h12c6.627 0 12 5.373 12 12v24z\"><\/path><\/svg>\t\t\t\t\t\t\t\t\t\t<\/div>\n\t\t\t\t\t\t\t\t\t<\/a>\t\t\t\t\t\t\t\t\t\t\t\t\t\t\t\t<div class=\"box-content\">\n\t\t\t\t\t\t\t\t\t\t\t\t\t\t\t\t\t\t\t\t\t\t\t\t\t\t\t\t\t<h4 class=\"box-heading\">\n\t\t\t\t\t\t\t\t\t\t\t<a aria-label=\"Asesoramento e informaci\u00f3n \u00e1s pemes\">\t\t\t\t\t\t\t\t\t\t\t\tAsesoramento e informaci\u00f3n \u00e1s pemes\t\t\t\t\t\t\t\t\t\t\t<\/a>\t\t\t\t\t\t\t\t\t\t<\/h4>\n\t\t\t\t\t\t\t\t\t\t\t\t\t\t\t\t\t\t\t\t\t\t\t\t\t\t\t\t<div class=\"box-description\">Actividades de sensibilizaci\u00f3n, informaci\u00f3n e apoio sobre tecnolox\u00edas para a t\u00faa transformaci\u00f3n dixital<\/div>\n\t\t\t\t\t\t\t\t\t\t\t\t\t\t\t\t\t\t\t\t\t\t\t\t\t\t<\/div>\n\t\t\t\t\t\t\t<\/div>\n\t\t\t\t\t\t<\/div>\t\t\t\t\t<\/div>\n\t\t\t\t\t\t\t\t\t<div class=\"wf-cell shown\">\n\t\t\t\t\t\t<div class=\"the7-icon-box-grid\">\t\t\t\t\t\t\t<div class=\"box-content-wrapper\">\n\t\t\t\t\t\t\t\t\t\t\t\t\t\t\t\t\t<a class=\"elementor-icon-div\" aria-label=\"Diagnosticamos a t\u00faa empresa\">\t\t\t\t\t\t\t\t\t\t<div class=\"elementor-icon\">\n\t\t\t\t\t\t\t\t\t\t\t<svg xmlns=\"http:\/\/www.w3.org\/2000\/svg\" viewBox=\"0 0 24 24\" width=\"24\" height=\"24\"><path fill=\"none\" d=\"M0 0h24v24H0z\"><\/path><path d=\"M5 8v12h4V8H5zM3 7l4-5 4 5v15H3V7zm16 9v-2h-3v-2h3v-2h-2V8h2V6h-4v14h4v-2h-2v-2h2zM14 4h6a1 1 0 0 1 1 1v16a1 1 0 0 1-1 1h-6a1 1 0 0 1-1-1V5a1 1 0 0 1 1-1z\"><\/path><\/svg>\t\t\t\t\t\t\t\t\t\t<\/div>\n\t\t\t\t\t\t\t\t\t<\/a>\t\t\t\t\t\t\t\t\t\t\t\t\t\t\t\t<div class=\"box-content\">\n\t\t\t\t\t\t\t\t\t\t\t\t\t\t\t\t\t\t\t\t\t\t\t\t\t\t\t\t\t<h4 class=\"box-heading\">\n\t\t\t\t\t\t\t\t\t\t\t<a aria-label=\"Diagnosticamos a t\u00faa empresa\">\t\t\t\t\t\t\t\t\t\t\t\tDiagnosticamos a t\u00faa empresa\t\t\t\t\t\t\t\t\t\t\t<\/a>\t\t\t\t\t\t\t\t\t\t<\/h4>\n\t\t\t\t\t\t\t\t\t\t\t\t\t\t\t\t\t\t\t\t\t\t\t\t\t\t\t\t<div class=\"box-description\">Servizo de resoluci\u00f3n de consultas e asesoramento personalizado en transformaci\u00f3n dixital<\/div>\n\t\t\t\t\t\t\t\t\t\t\t\t\t\t\t\t\t\t\t\t\t\t\t\t\t\t<\/div>\n\t\t\t\t\t\t\t<\/div>\n\t\t\t\t\t\t<\/div>\t\t\t\t\t<\/div>\n\t\t\t\t\t\t\t\t\t<div class=\"wf-cell shown\">\n\t\t\t\t\t\t<div class=\"the7-icon-box-grid\">\t\t\t\t\t\t\t<div class=\"box-content-wrapper\">\n\t\t\t\t\t\t\t\t\t\t\t\t\t\t\t\t\t<a class=\"elementor-icon-div\" aria-label=\"Asesoramento b\u00e1sico e avanzado\">\t\t\t\t\t\t\t\t\t\t<div class=\"elementor-icon\">\n\t\t\t\t\t\t\t\t\t\t\t<svg aria-hidden=\"true\" class=\"e-font-icon-svg e-far-comments\" viewBox=\"0 0 576 512\" xmlns=\"http:\/\/www.w3.org\/2000\/svg\"><path d=\"M532 386.2c27.5-27.1 44-61.1 44-98.2 0-80-76.5-146.1-176.2-157.9C368.3 72.5 294.3 32 208 32 93.1 32 0 103.6 0 192c0 37 16.5 71 44 98.2-15.3 30.7-37.3 54.5-37.7 54.9-6.3 6.7-8.1 16.5-4.4 25 3.6 8.5 12 14 21.2 14 53.5 0 96.7-20.2 125.2-38.8 9.2 2.1 18.7 3.7 28.4 4.9C208.1 407.6 281.8 448 368 448c20.8 0 40.8-2.4 59.8-6.8C456.3 459.7 499.4 480 553 480c9.2 0 17.5-5.5 21.2-14 3.6-8.5 1.9-18.3-4.4-25-.4-.3-22.5-24.1-37.8-54.8zm-392.8-92.3L122.1 305c-14.1 9.1-28.5 16.3-43.1 21.4 2.7-4.7 5.4-9.7 8-14.8l15.5-31.1L77.7 256C64.2 242.6 48 220.7 48 192c0-60.7 73.3-112 160-112s160 51.3 160 112-73.3 112-160 112c-16.5 0-33-1.9-49-5.6l-19.8-4.5zM498.3 352l-24.7 24.4 15.5 31.1c2.6 5.1 5.3 10.1 8 14.8-14.6-5.1-29-12.3-43.1-21.4l-17.1-11.1-19.9 4.6c-16 3.7-32.5 5.6-49 5.6-54 0-102.2-20.1-131.3-49.7C338 339.5 416 272.9 416 192c0-3.4-.4-6.7-.7-10C479.7 196.5 528 238.8 528 288c0 28.7-16.2 50.6-29.7 64z\"><\/path><\/svg>\t\t\t\t\t\t\t\t\t\t<\/div>\n\t\t\t\t\t\t\t\t\t<\/a>\t\t\t\t\t\t\t\t\t\t\t\t\t\t\t\t<div class=\"box-content\">\n\t\t\t\t\t\t\t\t\t\t\t\t\t\t\t\t\t\t\t\t\t\t\t\t\t\t\t\t\t<h4 class=\"box-heading\">\n\t\t\t\t\t\t\t\t\t\t\t<a aria-label=\"Asesoramento b\u00e1sico e avanzado\">\t\t\t\t\t\t\t\t\t\t\t\tAsesoramento b\u00e1sico e avanzado\t\t\t\t\t\t\t\t\t\t\t<\/a>\t\t\t\t\t\t\t\t\t\t<\/h4>\n\t\t\t\t\t\t\t\t\t\t\t\t\t\t\t\t\t\t\t\t\t\t\t\t\t\t\t\t<div class=\"box-description\">Servizo de informaci\u00f3n e asesoramento sobre as convocatorias de axudas auton\u00f3micas<\/div>\n\t\t\t\t\t\t\t\t\t\t\t\t\t\t\t\t\t\t\t\t\t\t\t\t\t\t<\/div>\n\t\t\t\t\t\t\t<\/div>\n\t\t\t\t\t\t<\/div>\t\t\t\t\t<\/div>\n\t\t\t\t\t\t\t\t\t<div class=\"wf-cell shown\">\n\t\t\t\t\t\t<div class=\"the7-icon-box-grid\">\t\t\t\t\t\t\t<div class=\"box-content-wrapper\">\n\t\t\t\t\t\t\t\t\t\t\t\t\t\t\t\t\t<a class=\"elementor-icon-div\" aria-label=\"Transformaci\u00f3n dixital e networking\">\t\t\t\t\t\t\t\t\t\t<div class=\"elementor-icon\">\n\t\t\t\t\t\t\t\t\t\t\t<svg aria-hidden=\"true\" class=\"e-font-icon-svg e-fas-compass\" viewBox=\"0 0 496 512\" xmlns=\"http:\/\/www.w3.org\/2000\/svg\"><path d=\"M225.38 233.37c-12.5 12.5-12.5 32.76 0 45.25 12.49 12.5 32.76 12.5 45.25 0 12.5-12.5 12.5-32.76 0-45.25-12.5-12.49-32.76-12.49-45.25 0zM248 8C111.03 8 0 119.03 0 256s111.03 248 248 248 248-111.03 248-248S384.97 8 248 8zm126.14 148.05L308.17 300.4a31.938 31.938 0 0 1-15.77 15.77l-144.34 65.97c-16.65 7.61-33.81-9.55-26.2-26.2l65.98-144.35a31.938 31.938 0 0 1 15.77-15.77l144.34-65.97c16.65-7.6 33.8 9.55 26.19 26.2z\"><\/path><\/svg>\t\t\t\t\t\t\t\t\t\t<\/div>\n\t\t\t\t\t\t\t\t\t<\/a>\t\t\t\t\t\t\t\t\t\t\t\t\t\t\t\t<div class=\"box-content\">\n\t\t\t\t\t\t\t\t\t\t\t\t\t\t\t\t\t\t\t\t\t\t\t\t\t\t\t\t\t<h4 class=\"box-heading\">\n\t\t\t\t\t\t\t\t\t\t\t<a aria-label=\"Transformaci\u00f3n dixital e networking\">\t\t\t\t\t\t\t\t\t\t\t\tTransformaci\u00f3n dixital e networking\t\t\t\t\t\t\t\t\t\t\t<\/a>\t\t\t\t\t\t\t\t\t\t<\/h4>\n\t\t\t\t\t\t\t\t\t\t\t\t\t\t\t\t\t\t\t\t\t\t\t\t\t\t\t\t<div class=\"box-description\">Realizaci\u00f3n de actividades de networking entre provedores e demandantes de tecnolox\u00eda<\/div>\n\t\t\t\t\t\t\t\t\t\t\t\t\t\t\t\t\t\t\t\t\t\t\t\t\t\t<\/div>\n\t\t\t\t\t\t\t<\/div>\n\t\t\t\t\t\t<\/div>\t\t\t\t\t<\/div>\n\t\t\t\t\t\t\t<\/div>\n\t\t<\/div>\t\t<\/div>\n\t\t\t\t<\/div>\n\t\t\t\t\t<\/div>\n\t\t<\/div>\n\t\t\t\t\t<\/div>\n\t\t<\/section>\n\t\t\t\t<\/div>\n\t\t","protected":false},"excerpt":{"rendered":"<p>Oficinas f\u00edsicas AceleraPyme Ourense Deputaci\u00f3n de Ourense \u00b7 Progreso, 32 \u00b7 32003 988 317 713 AceleraPyme Xinzo Explanada do Pavill\u00f3n, s\/n \u00b7 32630 988 317 500 Asesoramento e informaci\u00f3n \u00e1s&hellip;<\/p>\n","protected":false},"author":1,"featured_media":0,"parent":0,"menu_order":0,"comment_status":"closed","ping_status":"open","template":"elementor_header_footer","meta":{"footnotes":""},"class_list":["post-88541","page","type-page","status-publish","hentry"],"yoast_head":"<!-- This site is optimized with the Yoast SEO plugin v23.0 - https:\/\/yoast.com\/wordpress\/plugins\/seo\/ -->\n<title>Oficinas f\u00edsicas - Acelerou<\/title>\n<meta name=\"robots\" content=\"index, follow, max-snippet:-1, max-image-preview:large, max-video-preview:-1\" \/>\n<link rel=\"canonical\" href=\"https:\/\/acelerapyme.depourense.es\/gl\/oficinas-fisicas\/\" \/>\n<meta property=\"og:locale\" content=\"gl_ES\" \/>\n<meta property=\"og:type\" content=\"article\" \/>\n<meta property=\"og:title\" content=\"Oficinas f\u00edsicas - Acelerou\" \/>\n<meta property=\"og:description\" content=\"Oficinas f\u00edsicas AceleraPyme Ourense Deputaci\u00f3n de Ourense \u00b7 Progreso, 32 \u00b7 32003 988 317 713 AceleraPyme Xinzo Explanada do Pavill\u00f3n, s\/n \u00b7 32630 988 317 500 Asesoramento e informaci\u00f3n \u00e1s&hellip;\" \/>\n<meta property=\"og:url\" content=\"https:\/\/acelerapyme.depourense.es\/gl\/oficinas-fisicas\/\" \/>\n<meta property=\"og:site_name\" content=\"Acelerou\" \/>\n<meta property=\"article:modified_time\" content=\"2024-09-23T16:51:19+00:00\" \/>\n<meta name=\"twitter:card\" content=\"summary_large_image\" \/>\n<script type=\"application\/ld+json\" class=\"yoast-schema-graph\">{\"@context\":\"https:\/\/schema.org\",\"@graph\":[{\"@type\":\"WebPage\",\"@id\":\"https:\/\/acelerapyme.depourense.es\/gl\/oficinas-fisicas\/\",\"url\":\"https:\/\/acelerapyme.depourense.es\/gl\/oficinas-fisicas\/\",\"name\":\"Oficinas f\u00edsicas - Acelerou\",\"isPartOf\":{\"@id\":\"https:\/\/acelerapyme.depourense.es\/#website\"},\"datePublished\":\"2024-07-19T07:32:05+00:00\",\"dateModified\":\"2024-09-23T16:51:19+00:00\",\"breadcrumb\":{\"@id\":\"https:\/\/acelerapyme.depourense.es\/gl\/oficinas-fisicas\/#breadcrumb\"},\"inLanguage\":\"gl-ES\",\"potentialAction\":[{\"@type\":\"ReadAction\",\"target\":[\"https:\/\/acelerapyme.depourense.es\/gl\/oficinas-fisicas\/\"]}]},{\"@type\":\"BreadcrumbList\",\"@id\":\"https:\/\/acelerapyme.depourense.es\/gl\/oficinas-fisicas\/#breadcrumb\",\"itemListElement\":[{\"@type\":\"ListItem\",\"position\":1,\"name\":\"Portada\",\"item\":\"https:\/\/acelerapyme.depourense.es\/\"},{\"@type\":\"ListItem\",\"position\":2,\"name\":\"Oficinas f\u00edsicas\"}]},{\"@type\":\"WebSite\",\"@id\":\"https:\/\/acelerapyme.depourense.es\/#website\",\"url\":\"https:\/\/acelerapyme.depourense.es\/\",\"name\":\"Acelerou\",\"description\":\"\",\"publisher\":{\"@id\":\"https:\/\/acelerapyme.depourense.es\/#organization\"},\"potentialAction\":[{\"@type\":\"SearchAction\",\"target\":{\"@type\":\"EntryPoint\",\"urlTemplate\":\"https:\/\/acelerapyme.depourense.es\/?s={search_term_string}\"},\"query-input\":\"required name=search_term_string\"}],\"inLanguage\":\"gl-ES\"},{\"@type\":\"Organization\",\"@id\":\"https:\/\/acelerapyme.depourense.es\/#organization\",\"name\":\"Acelerou\",\"url\":\"https:\/\/acelerapyme.depourense.es\/\",\"logo\":{\"@type\":\"ImageObject\",\"inLanguage\":\"gl-ES\",\"@id\":\"https:\/\/acelerapyme.depourense.es\/#\/schema\/logo\/image\/\",\"url\":\"https:\/\/acelerapyme.depourense.es\/wp-content\/uploads\/2024\/06\/logo2.png\",\"contentUrl\":\"https:\/\/acelerapyme.depourense.es\/wp-content\/uploads\/2024\/06\/logo2.png\",\"width\":1012,\"height\":189,\"caption\":\"Acelerou\"},\"image\":{\"@id\":\"https:\/\/acelerapyme.depourense.es\/#\/schema\/logo\/image\/\"}}]}<\/script>\n<!-- \/ Yoast SEO plugin. -->","yoast_head_json":{"title":"Oficinas f\u00edsicas - Acelerou","robots":{"index":"index","follow":"follow","max-snippet":"max-snippet:-1","max-image-preview":"max-image-preview:large","max-video-preview":"max-video-preview:-1"},"canonical":"https:\/\/acelerapyme.depourense.es\/gl\/oficinas-fisicas\/","og_locale":"gl_ES","og_type":"article","og_title":"Oficinas f\u00edsicas - Acelerou","og_description":"Oficinas f\u00edsicas AceleraPyme Ourense Deputaci\u00f3n de Ourense \u00b7 Progreso, 32 \u00b7 32003 988 317 713 AceleraPyme Xinzo Explanada do Pavill\u00f3n, s\/n \u00b7 32630 988 317 500 Asesoramento e informaci\u00f3n \u00e1s&hellip;","og_url":"https:\/\/acelerapyme.depourense.es\/gl\/oficinas-fisicas\/","og_site_name":"Acelerou","article_modified_time":"2024-09-23T16:51:19+00:00","twitter_card":"summary_large_image","schema":{"@context":"https:\/\/schema.org","@graph":[{"@type":"WebPage","@id":"https:\/\/acelerapyme.depourense.es\/gl\/oficinas-fisicas\/","url":"https:\/\/acelerapyme.depourense.es\/gl\/oficinas-fisicas\/","name":"Oficinas f\u00edsicas - Acelerou","isPartOf":{"@id":"https:\/\/acelerapyme.depourense.es\/#website"},"datePublished":"2024-07-19T07:32:05+00:00","dateModified":"2024-09-23T16:51:19+00:00","breadcrumb":{"@id":"https:\/\/acelerapyme.depourense.es\/gl\/oficinas-fisicas\/#breadcrumb"},"inLanguage":"gl-ES","potentialAction":[{"@type":"ReadAction","target":["https:\/\/acelerapyme.depourense.es\/gl\/oficinas-fisicas\/"]}]},{"@type":"BreadcrumbList","@id":"https:\/\/acelerapyme.depourense.es\/gl\/oficinas-fisicas\/#breadcrumb","itemListElement":[{"@type":"ListItem","position":1,"name":"Portada","item":"https:\/\/acelerapyme.depourense.es\/"},{"@type":"ListItem","position":2,"name":"Oficinas f\u00edsicas"}]},{"@type":"WebSite","@id":"https:\/\/acelerapyme.depourense.es\/#website","url":"https:\/\/acelerapyme.depourense.es\/","name":"Acelerou","description":"","publisher":{"@id":"https:\/\/acelerapyme.depourense.es\/#organization"},"potentialAction":[{"@type":"SearchAction","target":{"@type":"EntryPoint","urlTemplate":"https:\/\/acelerapyme.depourense.es\/?s={search_term_string}"},"query-input":"required name=search_term_string"}],"inLanguage":"gl-ES"},{"@type":"Organization","@id":"https:\/\/acelerapyme.depourense.es\/#organization","name":"Acelerou","url":"https:\/\/acelerapyme.depourense.es\/","logo":{"@type":"ImageObject","inLanguage":"gl-ES","@id":"https:\/\/acelerapyme.depourense.es\/#\/schema\/logo\/image\/","url":"https:\/\/acelerapyme.depourense.es\/wp-content\/uploads\/2024\/06\/logo2.png","contentUrl":"https:\/\/acelerapyme.depourense.es\/wp-content\/uploads\/2024\/06\/logo2.png","width":1012,"height":189,"caption":"Acelerou"},"image":{"@id":"https:\/\/acelerapyme.depourense.es\/#\/schema\/logo\/image\/"}}]}},"_links":{"self":[{"href":"https:\/\/acelerapyme.depourense.es\/gl\/wp-json\/wp\/v2\/pages\/88541","targetHints":{"allow":["GET"]}}],"collection":[{"href":"https:\/\/acelerapyme.depourense.es\/gl\/wp-json\/wp\/v2\/pages"}],"about":[{"href":"https:\/\/acelerapyme.depourense.es\/gl\/wp-json\/wp\/v2\/types\/page"}],"author":[{"embeddable":true,"href":"https:\/\/acelerapyme.depourense.es\/gl\/wp-json\/wp\/v2\/users\/1"}],"replies":[{"embeddable":true,"href":"https:\/\/acelerapyme.depourense.es\/gl\/wp-json\/wp\/v2\/comments?post=88541"}],"version-history":[{"count":1,"href":"https:\/\/acelerapyme.depourense.es\/gl\/wp-json\/wp\/v2\/pages\/88541\/revisions"}],"predecessor-version":[{"id":88542,"href":"https:\/\/acelerapyme.depourense.es\/gl\/wp-json\/wp\/v2\/pages\/88541\/revisions\/88542"}],"wp:attachment":[{"href":"https:\/\/acelerapyme.depourense.es\/gl\/wp-json\/wp\/v2\/media?parent=88541"}],"curies":[{"name":"wp","href":"https:\/\/api.w.org\/{rel}","templated":true}]}}