{"id":88532,"date":"2020-11-05T08:55:59","date_gmt":"2020-11-05T07:55:59","guid":{"rendered":"https:\/\/acelerapyme.depourense.es\/contacto\/"},"modified":"2025-06-16T14:11:47","modified_gmt":"2025-06-16T12:11:47","slug":"contacto","status":"publish","type":"page","link":"https:\/\/acelerapyme.depourense.es\/gl\/contacto\/","title":{"rendered":"Contacto"},"content":{"rendered":"\t\t<div data-elementor-type=\"wp-page\" data-elementor-id=\"88532\" class=\"elementor elementor-88532 elementor-7547\" data-elementor-post-type=\"page\">\n\t\t\t\t\t\t<section class=\"elementor-section elementor-top-section elementor-element elementor-element-f310178 elementor-section-boxed elementor-section-height-default elementor-section-height-default\" data-id=\"f310178\" data-element_type=\"section\" data-settings=\"{&quot;_ha_eqh_enable&quot;:false}\">\n\t\t\t\t\t\t<div class=\"elementor-container elementor-column-gap-wide\">\n\t\t\t\t\t<div class=\"elementor-column elementor-col-100 elementor-top-column elementor-element elementor-element-bbebf23\" data-id=\"bbebf23\" data-element_type=\"column\">\n\t\t\t<div class=\"elementor-widget-wrap elementor-element-populated\">\n\t\t\t\t\t\t<div class=\"elementor-element elementor-element-7e49746 elementor-widget elementor-widget-heading\" data-id=\"7e49746\" data-element_type=\"widget\" data-widget_type=\"heading.default\">\n\t\t\t\t<div class=\"elementor-widget-container\">\n\t\t\t<h3 class=\"elementor-heading-title elementor-size-default\">Contacta connosco<\/h3>\t\t<\/div>\n\t\t\t\t<\/div>\n\t\t\t\t<div class=\"elementor-element elementor-element-333d390 elementor-widget__width-initial elementor-widget elementor-widget-text-editor\" data-id=\"333d390\" data-element_type=\"widget\" data-widget_type=\"text-editor.default\">\n\t\t\t\t<div class=\"elementor-widget-container\">\n\t\t\t\t\t\t\t<p>Escr\u00edbenos e axudar\u00e9moste a adaptarte aos procesos de dixitalizaci\u00f3n que mellor se adapten \u00e1 t\u00faa empresa.<\/p>\n\t\t\t\t\t\t<\/div>\n\t\t\t\t<\/div>\n\t\t\t\t\t<\/div>\n\t\t<\/div>\n\t\t\t\t\t<\/div>\n\t\t<\/section>\n\t\t\t\t<section class=\"elementor-section elementor-top-section elementor-element elementor-element-d7bd398 elementor-section-boxed elementor-section-height-default elementor-section-height-default\" data-id=\"d7bd398\" data-element_type=\"section\" data-settings=\"{&quot;_ha_eqh_enable&quot;:false}\">\n\t\t\t\t\t\t<div class=\"elementor-container elementor-column-gap-wide\">\n\t\t\t\t\t<div class=\"elementor-column elementor-col-50 elementor-top-column elementor-element elementor-element-b492077\" data-id=\"b492077\" data-element_type=\"column\">\n\t\t\t<div class=\"elementor-widget-wrap elementor-element-populated\">\n\t\t\t\t\t\t<div class=\"elementor-element elementor-element-8c05be9 elementor-widget elementor-widget-spacer\" data-id=\"8c05be9\" data-element_type=\"widget\" data-widget_type=\"spacer.default\">\n\t\t\t\t<div class=\"elementor-widget-container\">\n\t\t\t\t\t<div class=\"elementor-spacer\">\n\t\t\t<div class=\"elementor-spacer-inner\"><\/div>\n\t\t<\/div>\n\t\t\t\t<\/div>\n\t\t\t\t<\/div>\n\t\t\t\t<div class=\"elementor-element elementor-element-72a0202 content-align-tablet-left icon-vertical-align-tablet-start icon-position-top content-align-left icon-box-vertical-align-top icon-vertical-align-start elementor-widget elementor-widget-the7_icon_box_grid_widget\" data-id=\"72a0202\" data-element_type=\"widget\" data-widget_type=\"the7_icon_box_grid_widget.default\">\n\t\t\t\t<div class=\"elementor-widget-container\">\n\t\t\t<div class=\"the7-box-grid-wrapper the7-elementor-widget loading-effect-none the7_icon_box_grid_widget-72a0202\">\t\t\t<div class=\"dt-css-grid\">\n\t\t\t\t\t\t\t\t\t<div class=\"wf-cell shown\">\n\t\t\t\t\t\t<div class=\"the7-icon-box-grid\">\t\t\t\t\t\t\t<div class=\"box-content-wrapper\">\n\t\t\t\t\t\t\t\t\t\t\t\t\t\t\t\t\t<a class=\"elementor-icon-div\" aria-label=\"+34 988 317 700\">\t\t\t\t\t\t\t\t\t\t<div class=\"elementor-icon\">\n\t\t\t\t\t\t\t\t\t\t\t<svg aria-hidden=\"true\" class=\"e-font-icon-svg e-fas-phone-alt\" viewBox=\"0 0 512 512\" xmlns=\"http:\/\/www.w3.org\/2000\/svg\"><path d=\"M497.39 361.8l-112-48a24 24 0 0 0-28 6.9l-49.6 60.6A370.66 370.66 0 0 1 130.6 204.11l60.6-49.6a23.94 23.94 0 0 0 6.9-28l-48-112A24.16 24.16 0 0 0 122.6.61l-104 24A24 24 0 0 0 0 48c0 256.5 207.9 464 464 464a24 24 0 0 0 23.4-18.6l24-104a24.29 24.29 0 0 0-14.01-27.6z\"><\/path><\/svg>\t\t\t\t\t\t\t\t\t\t<\/div>\n\t\t\t\t\t\t\t\t\t<\/a>\t\t\t\t\t\t\t\t\t\t\t\t\t\t\t\t<div class=\"box-content\">\n\t\t\t\t\t\t\t\t\t\t\t\t\t\t\t\t\t\t\t\t\t\t\t\t\t\t\t\t\t<h4 class=\"box-heading\">\n\t\t\t\t\t\t\t\t\t\t\t<a aria-label=\"+34 988 317 700\">\t\t\t\t\t\t\t\t\t\t\t\t+34 988 317 700\t\t\t\t\t\t\t\t\t\t\t<\/a>\t\t\t\t\t\t\t\t\t\t<\/h4>\n\t\t\t\t\t\t\t\t\t\t\t\t\t\t\t\t\t\t\t\t\t\t\t\t\t\t\t\t\t\t\t\t\t\t\t<\/div>\n\t\t\t\t\t\t\t<\/div>\n\t\t\t\t\t\t<\/div>\t\t\t\t\t<\/div>\n\t\t\t\t\t\t\t\t\t<div class=\"wf-cell shown\">\n\t\t\t\t\t\t<div class=\"the7-icon-box-grid\">\t\t\t\t\t\t\t<div class=\"box-content-wrapper\">\n\t\t\t\t\t\t\t\t\t\t\t\t\t\t\t\t\t<a class=\"elementor-icon-div\" aria-label=\"Xinzo da Limia\">\t\t\t\t\t\t\t\t\t\t<div class=\"elementor-icon\">\n\t\t\t\t\t\t\t\t\t\t\t<svg xmlns=\"http:\/\/www.w3.org\/2000\/svg\" viewBox=\"0 0 24 24\" width=\"24\" height=\"24\"><path fill=\"none\" d=\"M0 0h24v24H0z\"><\/path><path d=\"M12 18.485l4.243-4.242a6 6 0 1 0-8.486 0L12 18.485zm5.657-2.828L12 21.314l-5.657-5.657a8 8 0 1 1 11.314 0zM5 22h14v2H5v-2z\"><\/path><\/svg>\t\t\t\t\t\t\t\t\t\t<\/div>\n\t\t\t\t\t\t\t\t\t<\/a>\t\t\t\t\t\t\t\t\t\t\t\t\t\t\t\t<div class=\"box-content\">\n\t\t\t\t\t\t\t\t\t\t\t\t\t\t\t\t\t\t\t\t\t\t\t\t\t\t\t\t\t<h4 class=\"box-heading\">\n\t\t\t\t\t\t\t\t\t\t\t<a aria-label=\"Xinzo da Limia\">\t\t\t\t\t\t\t\t\t\t\t\tXinzo da Limia\t\t\t\t\t\t\t\t\t\t\t<\/a>\t\t\t\t\t\t\t\t\t\t<\/h4>\n\t\t\t\t\t\t\t\t\t\t\t\t\t\t\t\t\t\t\t\t\t\t\t\t\t\t\t\t<div class=\"box-description\">Explanada do Pavill\u00f3n, s\/n<br> 32630<\/div>\n\t\t\t\t\t\t\t\t\t\t\t\t\t\t\t\t\t\t\t\t\t\t\t\t\t\t<\/div>\n\t\t\t\t\t\t\t<\/div>\n\t\t\t\t\t\t<\/div>\t\t\t\t\t<\/div>\n\t\t\t\t\t\t\t\t\t<div class=\"wf-cell shown\">\n\t\t\t\t\t\t<div class=\"the7-icon-box-grid\">\t\t\t\t\t\t\t<div class=\"box-content-wrapper\">\n\t\t\t\t\t\t\t\t\t\t\t\t\t\t\t\t\t<a class=\"elementor-icon-div\" aria-label=\"office@acelerapyme.depourense.es\">\t\t\t\t\t\t\t\t\t\t<div class=\"elementor-icon\">\n\t\t\t\t\t\t\t\t\t\t\t<svg aria-hidden=\"true\" class=\"e-font-icon-svg e-far-envelope\" viewBox=\"0 0 512 512\" xmlns=\"http:\/\/www.w3.org\/2000\/svg\"><path d=\"M464 64H48C21.49 64 0 85.49 0 112v288c0 26.51 21.49 48 48 48h416c26.51 0 48-21.49 48-48V112c0-26.51-21.49-48-48-48zm0 48v40.805c-22.422 18.259-58.168 46.651-134.587 106.49-16.841 13.247-50.201 45.072-73.413 44.701-23.208.375-56.579-31.459-73.413-44.701C106.18 199.465 70.425 171.067 48 152.805V112h416zM48 400V214.398c22.914 18.251 55.409 43.862 104.938 82.646 21.857 17.205 60.134 55.186 103.062 54.955 42.717.231 80.509-37.199 103.053-54.947 49.528-38.783 82.032-64.401 104.947-82.653V400H48z\"><\/path><\/svg>\t\t\t\t\t\t\t\t\t\t<\/div>\n\t\t\t\t\t\t\t\t\t<\/a>\t\t\t\t\t\t\t\t\t\t\t\t\t\t\t\t<div class=\"box-content\">\n\t\t\t\t\t\t\t\t\t\t\t\t\t\t\t\t\t\t\t\t\t\t\t\t\t\t\t\t\t<h4 class=\"box-heading\">\n\t\t\t\t\t\t\t\t\t\t\t<a aria-label=\"office@acelerapyme.depourense.es\">\t\t\t\t\t\t\t\t\t\t\t\toffice@acelerapyme.depourense.es\t\t\t\t\t\t\t\t\t\t\t<\/a>\t\t\t\t\t\t\t\t\t\t<\/h4>\n\t\t\t\t\t\t\t\t\t\t\t\t\t\t\t\t\t\t\t\t\t\t\t\t\t\t\t\t\t\t\t\t\t\t\t<\/div>\n\t\t\t\t\t\t\t<\/div>\n\t\t\t\t\t\t<\/div>\t\t\t\t\t<\/div>\n\t\t\t\t\t\t\t<\/div>\n\t\t<\/div>\t\t<\/div>\n\t\t\t\t<\/div>\n\t\t\t\t<div class=\"elementor-element elementor-element-650885a elementor-widget__width-auto elementor-align-center elementor-widget elementor-widget-the7_icon_widget\" data-id=\"650885a\" data-element_type=\"widget\" data-widget_type=\"the7_icon_widget.default\">\n\t\t\t\t<div class=\"elementor-widget-container\">\n\t\t\t<div class=\"the7-icon-wrapper the7-elementor-widget\"><a class=\"elementor-icon\" href=\"https:\/\/x.com\/deputacionou\"><svg aria-hidden=\"true\" class=\"e-font-icon-svg e-fab-x-twitter-square\" viewBox=\"0 0 448 512\" xmlns=\"http:\/\/www.w3.org\/2000\/svg\"><path d=\"M64 32C28.7 32 0 60.7 0 96V416c0 35.3 28.7 64 64 64H384c35.3 0 64-28.7 64-64V96c0-35.3-28.7-64-64-64H64zm297.1 84L257.3 234.6 379.4 396H283.8L209 298.1 123.3 396H75.8l111-126.9L69.7 116h98l67.7 89.5L313.6 116h47.5zM323.3 367.6L153.4 142.9H125.1L296.9 367.6h26.3z\"><\/path><\/svg><\/a><\/div>\t\t<\/div>\n\t\t\t\t<\/div>\n\t\t\t\t<div class=\"elementor-element elementor-element-f6d0321 elementor-widget__width-auto elementor-align-center elementor-widget elementor-widget-the7_icon_widget\" data-id=\"f6d0321\" data-element_type=\"widget\" data-widget_type=\"the7_icon_widget.default\">\n\t\t\t\t<div class=\"elementor-widget-container\">\n\t\t\t<div class=\"the7-icon-wrapper the7-elementor-widget\"><a class=\"elementor-icon\" href=\"https:\/\/www.facebook.com\/profile.php?id=61562788916951\"><svg aria-hidden=\"true\" class=\"e-font-icon-svg e-fab-facebook-square\" viewBox=\"0 0 448 512\" xmlns=\"http:\/\/www.w3.org\/2000\/svg\"><path d=\"M400 32H48A48 48 0 0 0 0 80v352a48 48 0 0 0 48 48h137.25V327.69h-63V256h63v-54.64c0-62.15 37-96.48 93.67-96.48 27.14 0 55.52 4.84 55.52 4.84v61h-31.27c-30.81 0-40.42 19.12-40.42 38.73V256h68.78l-11 71.69h-57.78V480H400a48 48 0 0 0 48-48V80a48 48 0 0 0-48-48z\"><\/path><\/svg><\/a><\/div>\t\t<\/div>\n\t\t\t\t<\/div>\n\t\t\t\t\t<\/div>\n\t\t<\/div>\n\t\t\t\t<div class=\"elementor-column elementor-col-50 elementor-top-column elementor-element elementor-element-fdd16eb\" data-id=\"fdd16eb\" data-element_type=\"column\" data-settings=\"{&quot;background_background&quot;:&quot;classic&quot;}\">\n\t\t\t<div class=\"elementor-widget-wrap elementor-element-populated\">\n\t\t\t\t\t\t<div class=\"elementor-element elementor-element-cd92cb6 elementor-widget elementor-widget-text-editor\" data-id=\"cd92cb6\" data-element_type=\"widget\" data-widget_type=\"text-editor.default\">\n\t\t\t\t<div class=\"elementor-widget-container\">\n\t\t\t\t\t\t\t<script>\n  window.salesmatchSettings = {\n    messenger: {\n          brand_id: \"4BiuQM\",\n        },\n\t\tforms: [{\n      \n      brand_id: \"4BiuQM\",\n      form_id: \"GnzErr\"\n    }]\n  };\n  \n(function() {\n  var script = document.createElement('script');\n  script.src = \"https:\/\/acelerou.app.salesmatch.ai\/widgets\/build\/formWidget.bundle.js\";\n  script.async = true;\n\n  var entry = document.getElementsByTagName('script')[0];\n  entry.parentNode.insertBefore(script, entry);\n})();\n\n \n  \n    <\/script>\n<div style=\"width: 100%; height: 300px;\" data-salesmatch-embed=\"GnzErr\"><\/div>\t\t\t\t\t\t<\/div>\n\t\t\t\t<\/div>\n\t\t\t\t<div class=\"elementor-element elementor-element-6382645 elementor-widget elementor-widget-spacer\" data-id=\"6382645\" data-element_type=\"widget\" data-widget_type=\"spacer.default\">\n\t\t\t\t<div class=\"elementor-widget-container\">\n\t\t\t\t\t<div class=\"elementor-spacer\">\n\t\t\t<div class=\"elementor-spacer-inner\"><\/div>\n\t\t<\/div>\n\t\t\t\t<\/div>\n\t\t\t\t<\/div>\n\t\t\t\t\t<\/div>\n\t\t<\/div>\n\t\t\t\t\t<\/div>\n\t\t<\/section>\n\t\t<div class=\"elementor-element elementor-element-c94c36f e-con-full e-flex e-con e-parent\" data-id=\"c94c36f\" data-element_type=\"container\" data-settings=\"{&quot;_ha_eqh_enable&quot;:false}\">\n\t\t\t\t<div class=\"elementor-element elementor-element-cd83b5c elementor-widget elementor-widget-google_maps\" data-id=\"cd83b5c\" data-element_type=\"widget\" data-widget_type=\"google_maps.default\">\n\t\t\t\t<div class=\"elementor-widget-container\">\n\t\t\t\t\t<div class=\"elementor-custom-embed\">\n\t\t\t<iframe loading=\"lazy\"\n\t\t\t\t\tsrc=\"https:\/\/maps.google.com\/maps?q=Polideportivo%20de%20Xinzo%20de%20Limia%2C%20R%C3%BAa%20Dous%20de%20Maio%2C%2032630%20Xinzo%20de%20Limia%2C%20Ourense&#038;t=m&#038;z=13&#038;output=embed&#038;iwloc=near\"\n\t\t\t\t\ttitle=\"Polideportivo de Xinzo de Limia, R\u00faa Dous de Maio, 32630 Xinzo de Limia, Ourense\"\n\t\t\t\t\taria-label=\"Polideportivo de Xinzo de Limia, R\u00faa Dous de Maio, 32630 Xinzo de Limia, Ourense\"\n\t\t\t><\/iframe>\n\t\t<\/div>\n\t\t\t\t<\/div>\n\t\t\t\t<\/div>\n\t\t\t\t<\/div>\n\t\t\t\t<\/div>\n\t\t","protected":false},"excerpt":{"rendered":"<p>Contacta connosco Escr\u00edbenos e axudar\u00e9moste a adaptarte aos procesos de dixitalizaci\u00f3n que mellor se adapten \u00e1 t\u00faa empresa. +34 988 317 700 Xinzo da Limia Explanada do Pavill\u00f3n, s\/n 32630&hellip;<\/p>\n","protected":false},"author":1,"featured_media":0,"parent":0,"menu_order":60,"comment_status":"closed","ping_status":"closed","template":"elementor_header_footer","meta":{"footnotes":""},"class_list":["post-88532","page","type-page","status-publish","hentry"],"yoast_head":"<!-- This site is optimized with the Yoast SEO plugin v23.0 - https:\/\/yoast.com\/wordpress\/plugins\/seo\/ -->\n<title>Contacto - Acelerou<\/title>\n<meta name=\"robots\" content=\"index, follow, max-snippet:-1, max-image-preview:large, max-video-preview:-1\" \/>\n<link rel=\"canonical\" href=\"https:\/\/acelerapyme.depourense.es\/contact\/\" \/>\n<meta property=\"og:locale\" content=\"gl_ES\" \/>\n<meta property=\"og:type\" content=\"article\" \/>\n<meta property=\"og:title\" content=\"Contacto - Acelerou\" \/>\n<meta property=\"og:description\" content=\"Contacta connosco Escr\u00edbenos e axudar\u00e9moste a adaptarte aos procesos de dixitalizaci\u00f3n que mellor se adapten \u00e1 t\u00faa empresa. +34 988 317 700 Xinzo da Limia Explanada do Pavill\u00f3n, s\/n 32630&hellip;\" \/>\n<meta property=\"og:url\" content=\"https:\/\/acelerapyme.depourense.es\/contact\/\" \/>\n<meta property=\"og:site_name\" content=\"Acelerou\" \/>\n<meta property=\"article:modified_time\" content=\"2025-06-16T12:11:47+00:00\" \/>\n<meta name=\"twitter:card\" content=\"summary_large_image\" \/>\n<meta name=\"twitter:label1\" content=\"Tempo de lectura\" \/>\n\t<meta name=\"twitter:data1\" content=\"1 minuto\" \/>\n<script type=\"application\/ld+json\" class=\"yoast-schema-graph\">{\"@context\":\"https:\/\/schema.org\",\"@graph\":[{\"@type\":\"WebPage\",\"@id\":\"https:\/\/acelerapyme.depourense.es\/contact\/\",\"url\":\"https:\/\/acelerapyme.depourense.es\/contact\/\",\"name\":\"Contacto - Acelerou\",\"isPartOf\":{\"@id\":\"https:\/\/acelerapyme.depourense.es\/#website\"},\"datePublished\":\"2020-11-05T07:55:59+00:00\",\"dateModified\":\"2025-06-16T12:11:47+00:00\",\"breadcrumb\":{\"@id\":\"https:\/\/acelerapyme.depourense.es\/contact\/#breadcrumb\"},\"inLanguage\":\"gl-ES\",\"potentialAction\":[{\"@type\":\"ReadAction\",\"target\":[\"https:\/\/acelerapyme.depourense.es\/contact\/\"]}]},{\"@type\":\"BreadcrumbList\",\"@id\":\"https:\/\/acelerapyme.depourense.es\/contact\/#breadcrumb\",\"itemListElement\":[{\"@type\":\"ListItem\",\"position\":1,\"name\":\"Portada\",\"item\":\"https:\/\/acelerapyme.depourense.es\/\"},{\"@type\":\"ListItem\",\"position\":2,\"name\":\"Contacto\"}]},{\"@type\":\"WebSite\",\"@id\":\"https:\/\/acelerapyme.depourense.es\/#website\",\"url\":\"https:\/\/acelerapyme.depourense.es\/\",\"name\":\"Acelerou\",\"description\":\"\",\"publisher\":{\"@id\":\"https:\/\/acelerapyme.depourense.es\/#organization\"},\"potentialAction\":[{\"@type\":\"SearchAction\",\"target\":{\"@type\":\"EntryPoint\",\"urlTemplate\":\"https:\/\/acelerapyme.depourense.es\/?s={search_term_string}\"},\"query-input\":\"required name=search_term_string\"}],\"inLanguage\":\"gl-ES\"},{\"@type\":\"Organization\",\"@id\":\"https:\/\/acelerapyme.depourense.es\/#organization\",\"name\":\"Acelerou\",\"url\":\"https:\/\/acelerapyme.depourense.es\/\",\"logo\":{\"@type\":\"ImageObject\",\"inLanguage\":\"gl-ES\",\"@id\":\"https:\/\/acelerapyme.depourense.es\/#\/schema\/logo\/image\/\",\"url\":\"https:\/\/acelerapyme.depourense.es\/wp-content\/uploads\/2024\/06\/logo2.png\",\"contentUrl\":\"https:\/\/acelerapyme.depourense.es\/wp-content\/uploads\/2024\/06\/logo2.png\",\"width\":1012,\"height\":189,\"caption\":\"Acelerou\"},\"image\":{\"@id\":\"https:\/\/acelerapyme.depourense.es\/#\/schema\/logo\/image\/\"}}]}<\/script>\n<!-- \/ Yoast SEO plugin. -->","yoast_head_json":{"title":"Contacto - Acelerou","robots":{"index":"index","follow":"follow","max-snippet":"max-snippet:-1","max-image-preview":"max-image-preview:large","max-video-preview":"max-video-preview:-1"},"canonical":"https:\/\/acelerapyme.depourense.es\/contact\/","og_locale":"gl_ES","og_type":"article","og_title":"Contacto - Acelerou","og_description":"Contacta connosco Escr\u00edbenos e axudar\u00e9moste a adaptarte aos procesos de dixitalizaci\u00f3n que mellor se adapten \u00e1 t\u00faa empresa. +34 988 317 700 Xinzo da Limia Explanada do Pavill\u00f3n, s\/n 32630&hellip;","og_url":"https:\/\/acelerapyme.depourense.es\/contact\/","og_site_name":"Acelerou","article_modified_time":"2025-06-16T12:11:47+00:00","twitter_card":"summary_large_image","twitter_misc":{"Tempo de lectura":"1 minuto"},"schema":{"@context":"https:\/\/schema.org","@graph":[{"@type":"WebPage","@id":"https:\/\/acelerapyme.depourense.es\/contact\/","url":"https:\/\/acelerapyme.depourense.es\/contact\/","name":"Contacto - Acelerou","isPartOf":{"@id":"https:\/\/acelerapyme.depourense.es\/#website"},"datePublished":"2020-11-05T07:55:59+00:00","dateModified":"2025-06-16T12:11:47+00:00","breadcrumb":{"@id":"https:\/\/acelerapyme.depourense.es\/contact\/#breadcrumb"},"inLanguage":"gl-ES","potentialAction":[{"@type":"ReadAction","target":["https:\/\/acelerapyme.depourense.es\/contact\/"]}]},{"@type":"BreadcrumbList","@id":"https:\/\/acelerapyme.depourense.es\/contact\/#breadcrumb","itemListElement":[{"@type":"ListItem","position":1,"name":"Portada","item":"https:\/\/acelerapyme.depourense.es\/"},{"@type":"ListItem","position":2,"name":"Contacto"}]},{"@type":"WebSite","@id":"https:\/\/acelerapyme.depourense.es\/#website","url":"https:\/\/acelerapyme.depourense.es\/","name":"Acelerou","description":"","publisher":{"@id":"https:\/\/acelerapyme.depourense.es\/#organization"},"potentialAction":[{"@type":"SearchAction","target":{"@type":"EntryPoint","urlTemplate":"https:\/\/acelerapyme.depourense.es\/?s={search_term_string}"},"query-input":"required name=search_term_string"}],"inLanguage":"gl-ES"},{"@type":"Organization","@id":"https:\/\/acelerapyme.depourense.es\/#organization","name":"Acelerou","url":"https:\/\/acelerapyme.depourense.es\/","logo":{"@type":"ImageObject","inLanguage":"gl-ES","@id":"https:\/\/acelerapyme.depourense.es\/#\/schema\/logo\/image\/","url":"https:\/\/acelerapyme.depourense.es\/wp-content\/uploads\/2024\/06\/logo2.png","contentUrl":"https:\/\/acelerapyme.depourense.es\/wp-content\/uploads\/2024\/06\/logo2.png","width":1012,"height":189,"caption":"Acelerou"},"image":{"@id":"https:\/\/acelerapyme.depourense.es\/#\/schema\/logo\/image\/"}}]}},"_links":{"self":[{"href":"https:\/\/acelerapyme.depourense.es\/gl\/wp-json\/wp\/v2\/pages\/88532","targetHints":{"allow":["GET"]}}],"collection":[{"href":"https:\/\/acelerapyme.depourense.es\/gl\/wp-json\/wp\/v2\/pages"}],"about":[{"href":"https:\/\/acelerapyme.depourense.es\/gl\/wp-json\/wp\/v2\/types\/page"}],"author":[{"embeddable":true,"href":"https:\/\/acelerapyme.depourense.es\/gl\/wp-json\/wp\/v2\/users\/1"}],"replies":[{"embeddable":true,"href":"https:\/\/acelerapyme.depourense.es\/gl\/wp-json\/wp\/v2\/comments?post=88532"}],"version-history":[{"count":5,"href":"https:\/\/acelerapyme.depourense.es\/gl\/wp-json\/wp\/v2\/pages\/88532\/revisions"}],"predecessor-version":[{"id":89163,"href":"https:\/\/acelerapyme.depourense.es\/gl\/wp-json\/wp\/v2\/pages\/88532\/revisions\/89163"}],"wp:attachment":[{"href":"https:\/\/acelerapyme.depourense.es\/gl\/wp-json\/wp\/v2\/media?parent=88532"}],"curies":[{"name":"wp","href":"https:\/\/api.w.org\/{rel}","templated":true}]}}